{"id":811,"date":"2026-04-09T10:50:01","date_gmt":"2026-04-09T08:50:01","guid":{"rendered":"https:\/\/www.mx.kunstverbindet.eu\/?page_id=811"},"modified":"2026-04-09T10:50:01","modified_gmt":"2026-04-09T08:50:01","slug":"klavier-spielen","status":"publish","type":"page","link":"https:\/\/www.mx.kunstverbindet.eu\/?page_id=811","title":{"rendered":"Klavier-spielen"},"content":{"rendered":"\n<p>ich bin ja jetzt auf deiner Musikschule in Berlin Karlshorst und spiele dort Klavier. ich habe mich schon immer mit klavier besch\u00e4ftig.und mir macht es spa\u00df und ich habe auch im sommer und im winter vorspiel konzerte hier unten findet ihr einige klavier st\u00fccke von mir viel spa\u00df beim reinh\u00f6ren Euer Maxim Schult.<\/p>\n\n\n\n<figure class=\"wp-block-video\"><video height=\"1080\" style=\"aspect-ratio: 1920 \/ 1080;\" width=\"1920\" controls src=\"https:\/\/www.mx.kunstverbindet.eu\/wp-content\/uploads\/2026\/04\/IMG_1469.mov\"><\/video><\/figure>\n\n\n\n<figure class=\"wp-block-audio\"><audio controls src=\"https:\/\/www.mx.kunstverbindet.eu\/wp-content\/uploads\/2026\/04\/schwimmen.mp3\"><\/audio><\/figure>\n\n\n\n<figure class=\"wp-block-audio\"><audio controls src=\"https:\/\/www.mx.kunstverbindet.eu\/wp-content\/uploads\/2026\/04\/walzer.mp3\"><\/audio><\/figure>\n\n\n\n<p><\/p>\n","protected":false},"excerpt":{"rendered":"<p>ich bin ja jetzt auf deiner Musikschule in Berlin Karlshorst und spiele dort Klavier. ich habe mich schon immer mit klavier besch\u00e4ftig.und mir macht es spa\u00df und ich habe auch im sommer und im winter vorspiel konzerte hier unten findet ihr einige klavier st\u00fccke von mir viel spa\u00df beim reinh\u00f6ren Euer Maxim Schult.<\/p>\n","protected":false},"author":2,"featured_media":0,"parent":0,"menu_order":0,"comment_status":"closed","ping_status":"closed","template":"","meta":{"footnotes":""},"class_list":["post-811","page","type-page","status-publish","hentry","entry"],"_links":{"self":[{"href":"https:\/\/www.mx.kunstverbindet.eu\/index.php?rest_route=\/wp\/v2\/pages\/811","targetHints":{"allow":["GET"]}}],"collection":[{"href":"https:\/\/www.mx.kunstverbindet.eu\/index.php?rest_route=\/wp\/v2\/pages"}],"about":[{"href":"https:\/\/www.mx.kunstverbindet.eu\/index.php?rest_route=\/wp\/v2\/types\/page"}],"author":[{"embeddable":true,"href":"https:\/\/www.mx.kunstverbindet.eu\/index.php?rest_route=\/wp\/v2\/users\/2"}],"replies":[{"embeddable":true,"href":"https:\/\/www.mx.kunstverbindet.eu\/index.php?rest_route=%2Fwp%2Fv2%2Fcomments&post=811"}],"version-history":[{"count":1,"href":"https:\/\/www.mx.kunstverbindet.eu\/index.php?rest_route=\/wp\/v2\/pages\/811\/revisions"}],"predecessor-version":[{"id":821,"href":"https:\/\/www.mx.kunstverbindet.eu\/index.php?rest_route=\/wp\/v2\/pages\/811\/revisions\/821"}],"wp:attachment":[{"href":"https:\/\/www.mx.kunstverbindet.eu\/index.php?rest_route=%2Fwp%2Fv2%2Fmedia&parent=811"}],"curies":[{"name":"wp","href":"https:\/\/api.w.org\/{rel}","templated":true}]}}