{"id":52,"date":"2025-08-23T09:15:43","date_gmt":"2025-08-23T07:15:43","guid":{"rendered":"http:\/\/192.168.2.133\/wordpress\/?page_id=52"},"modified":"2026-04-11T21:44:40","modified_gmt":"2026-04-11T19:44:40","slug":"maxims-sammlung-2","status":"publish","type":"page","link":"https:\/\/www.mx.kunstverbindet.eu\/","title":{"rendered":"Sammlungen"},"content":{"rendered":"<div class=\"wp-block-image\">\n<figure class=\"aligncenter size-large is-resized\"><img loading=\"lazy\" decoding=\"async\" width=\"576\" height=\"1024\" src=\"https:\/\/www.mx.kunstverbindet.eu\/wp-content\/uploads\/2025\/08\/IMG-20250822-WA0008-768x1365-1-576x1024.jpg\" alt=\"\" class=\"wp-image-352\" style=\"aspect-ratio:0.5621468926553672;width:291px;height:auto\" srcset=\"https:\/\/www.mx.kunstverbindet.eu\/wp-content\/uploads\/2025\/08\/IMG-20250822-WA0008-768x1365-1-576x1024.jpg 576w, https:\/\/www.mx.kunstverbindet.eu\/wp-content\/uploads\/2025\/08\/IMG-20250822-WA0008-768x1365-1-169x300.jpg 169w, https:\/\/www.mx.kunstverbindet.eu\/wp-content\/uploads\/2025\/08\/IMG-20250822-WA0008-768x1365-1.jpg 768w\" sizes=\"auto, (max-width: 576px) 100vw, 576px\" \/><\/figure>\n<\/div>\n\n\n<p class=\"has-text-align-center\">Herzlich willkommen auf der Internetseite<br><br>Viel Spa\u00df beim Durchklicken w\u00fcnscht <br>Maxim<br><br>Wenn nach Passwort gefragt wird: <br>Mein Vorname mit Jahreszahl meiner Geburt<\/p>\n\n\n\n<p>au\u00dfer die zauberseite mit den aufl\u00f6sungen ist mit einem anderen passwort gesch\u00fctzt dies hat gr\u00fcnde aber viel spa\u00df auf meiner seite.<\/p>\n\n\n\n<p><audio id=\"bgMusic\" loop=\"\">\n  <source src=\"DEINE-MUSIK.mp3\" type=\"audio\/mpeg\">\n<\/audio><\/p>\n\n\n\n<p><\/p>\n","protected":false},"excerpt":{"rendered":"<p>Herzlich willkommen auf der Internetseite Viel Spa\u00df beim Durchklicken w\u00fcnscht Maxim Wenn nach Passwort gefragt wird: Mein Vorname mit Jahreszahl meiner Geburt au\u00dfer die zauberseite mit den aufl\u00f6sungen ist mit einem anderen passwort gesch\u00fctzt dies hat gr\u00fcnde aber viel spa\u00df auf meiner seite.<\/p>\n","protected":false},"author":2,"featured_media":0,"parent":0,"menu_order":0,"comment_status":"closed","ping_status":"closed","template":"","meta":{"footnotes":""},"class_list":["post-52","page","type-page","status-publish","hentry","entry"],"_links":{"self":[{"href":"https:\/\/www.mx.kunstverbindet.eu\/index.php?rest_route=\/wp\/v2\/pages\/52","targetHints":{"allow":["GET"]}}],"collection":[{"href":"https:\/\/www.mx.kunstverbindet.eu\/index.php?rest_route=\/wp\/v2\/pages"}],"about":[{"href":"https:\/\/www.mx.kunstverbindet.eu\/index.php?rest_route=\/wp\/v2\/types\/page"}],"author":[{"embeddable":true,"href":"https:\/\/www.mx.kunstverbindet.eu\/index.php?rest_route=\/wp\/v2\/users\/2"}],"replies":[{"embeddable":true,"href":"https:\/\/www.mx.kunstverbindet.eu\/index.php?rest_route=%2Fwp%2Fv2%2Fcomments&post=52"}],"version-history":[{"count":16,"href":"https:\/\/www.mx.kunstverbindet.eu\/index.php?rest_route=\/wp\/v2\/pages\/52\/revisions"}],"predecessor-version":[{"id":842,"href":"https:\/\/www.mx.kunstverbindet.eu\/index.php?rest_route=\/wp\/v2\/pages\/52\/revisions\/842"}],"wp:attachment":[{"href":"https:\/\/www.mx.kunstverbindet.eu\/index.php?rest_route=%2Fwp%2Fv2%2Fmedia&parent=52"}],"curies":[{"name":"wp","href":"https:\/\/api.w.org\/{rel}","templated":true}]}}